{"id":15826,"date":"2018-07-28T10:07:49","date_gmt":"2018-07-28T10:07:49","guid":{"rendered":"http:\/\/despatxcarrasco.com\/?page_id=15826\/"},"modified":"2018-10-05T17:03:06","modified_gmt":"2018-10-05T17:03:06","slug":"avis-legal","status":"publish","type":"page","link":"http:\/\/despatxcarrasco.com\/ca\/avis-legal\/","title":{"rendered":"Av\u00eds Legal"},"content":{"rendered":"<p>[vc_row css_animation=&#8221;&#8221; row_type=&#8221;row&#8221; use_row_as_full_screen_section=&#8221;no&#8221; type=&#8221;grid&#8221; angled_section=&#8221;no&#8221; text_align=&#8221;left&#8221; background_image_as_pattern=&#8221;without_pattern&#8221; padding_top=&#8221;10&#8243; padding_bottom=&#8221;15&#8243; z_index=&#8221;&#8221;][vc_column][vc_separator type=&#8221;transparent&#8221; up=&#8221;15&#8243; down=&#8221;0&#8243;][vc_column_text]<\/p>\n<h2 style=\"text-align: center;\">Av\u00eds Legal<\/h2>\n<p>[\/vc_column_text][vc_separator type=&#8221;small&#8221; position=&#8221;center&#8221;][vc_column_text]<\/p>\n<p align=\"justify\">En compliment de l&#8217;<em>article 10 de la Llei 34\/2002, de 11 de juliol, de Serveis de la Societat de la Informaci\u00f3 i Comer\u00e7 Electr\u00f2nic<\/em>, a continuaci\u00f3 s&#8217;exposen les dades identificatives del responsable del web.<\/p>\n<p><strong>1. Propietari i responsable del Web<\/strong><\/p>\n<p>Nom Comercial: <span style=\"color: #666699;\"><strong>DESPATX CARRASCO<\/strong><\/span><br \/>\nPropietari: <strong><span style=\"color: #666699;\">JUAN ANTONIO CARRASCO SANABRIA<\/span><\/strong><br \/>\nCIF: 28333094-S<br \/>\nDirecci\u00f3: Carrer Bonve\u00ed 3, Entlo &#8211; 08940 Cornell\u00e0 (Barcelona)<br \/>\nTel\u00e8fon: 933.754.453<br \/>\ne-mail: info@despatxcarrasco.com<br \/>\nWeb: www.despatxcarrasco.com<\/p>\n<p align=\"justify\">L&#8217;acc\u00e9s al lloc web www.despatxcarrasco.com de DESPATX CARRASCO, implica l&#8217;acceptaci\u00f3 de totes les condicions seg\u00fcents:<\/p>\n<p><strong>2. Propietat Intel\u00b7lectual<\/strong><\/p>\n<p align=\"justify\">Els continguts d&#8217;aquest lloc web, textos, imatges, etc. aix\u00ed com el seu disseny gr\u00e0fic i el seu codi font estan protegits per la legislaci\u00f3 espanyola sobre els drets de propietat intel\u00b7lectual i industrial a favor de DESPATX CARRASCO. Queda, per tant, totalment prohibida la seva reproducci\u00f3, distribuci\u00f3 o comunicaci\u00f3 p\u00fablica, total o parcial, sense l&#8217;autoritzaci\u00f3 expressa de DESPATX CARRASCO.<\/p>\n<p><strong>3. Contingut del Web<\/strong><\/p>\n<p align=\"justify\">DESPATX CARRASCO no es responsabilitza del mal \u00fas que es realitzi dels continguts de la nostra p\u00e0gina web, sent exclusiva responsabilitat de la persona que accedeix a ells o els utilitza.<\/p>\n<p><strong>4. Actualitzaci\u00f3 i modificaci\u00f3 del web<\/strong><\/p>\n<p align=\"justify\">DESPATX CARRASCO es reserva el dret a modificar o eliminar, sense previ av\u00eds, tant la informaci\u00f3 continguda al seu lloc web, com la seva configuraci\u00f3 i presentaci\u00f3, sense assumir cap responsabilitat per aix\u00f2.<\/p>\n<p align=\"justify\">Per a qualsevol consulta sobre el tractament de les seves dades pot posar-se en contacte amb nosaltres a <a href=\"mailto:info@despatxcarrasco.com\"><strong>info@despatxcarrasco.com<\/strong><\/a><\/p>\n<p>[\/vc_column_text][vc_separator type=&#8221;transparent&#8221; up=&#8221;30&#8243; down=&#8221;30&#8243;][\/vc_column][\/vc_row]<\/p>\n","protected":false},"excerpt":{"rendered":"<p>[vc_row css_animation=&#8221;&#8221; row_type=&#8221;row&#8221; use_row_as_full_screen_section=&#8221;no&#8221; type=&#8221;grid&#8221; angled_section=&#8221;no&#8221; text_align=&#8221;left&#8221; background_image_as_pattern=&#8221;without_pattern&#8221; padding_top=&#8221;10&#8243; padding_bottom=&#8221;15&#8243; z_index=&#8221;&#8221;][vc_column][vc_separator type=&#8221;transparent&#8221; up=&#8221;15&#8243; down=&#8221;0&#8243;][vc_column_text] Av\u00eds Legal [\/vc_column_text][vc_separator type=&#8221;small&#8221; position=&#8221;center&#8221;][vc_column_text] En compliment de l&#8217;article 10 de la Llei 34\/2002, de 11 de juliol, de Serveis de la Societat de la Informaci\u00f3 i Comer\u00e7 Electr\u00f2nic, a continuaci\u00f3&#8230;<\/p>\n","protected":false},"author":1,"featured_media":0,"parent":0,"menu_order":0,"comment_status":"closed","ping_status":"closed","template":"full_width.php","meta":{"footnotes":""},"class_list":["post-15826","page","type-page","status-publish","hentry"],"_links":{"self":[{"href":"http:\/\/despatxcarrasco.com\/ca\/wp-json\/wp\/v2\/pages\/15826","targetHints":{"allow":["GET"]}}],"collection":[{"href":"http:\/\/despatxcarrasco.com\/ca\/wp-json\/wp\/v2\/pages"}],"about":[{"href":"http:\/\/despatxcarrasco.com\/ca\/wp-json\/wp\/v2\/types\/page"}],"author":[{"embeddable":true,"href":"http:\/\/despatxcarrasco.com\/ca\/wp-json\/wp\/v2\/users\/1"}],"replies":[{"embeddable":true,"href":"http:\/\/despatxcarrasco.com\/ca\/wp-json\/wp\/v2\/comments?post=15826"}],"version-history":[{"count":4,"href":"http:\/\/despatxcarrasco.com\/ca\/wp-json\/wp\/v2\/pages\/15826\/revisions"}],"predecessor-version":[{"id":15904,"href":"http:\/\/despatxcarrasco.com\/ca\/wp-json\/wp\/v2\/pages\/15826\/revisions\/15904"}],"wp:attachment":[{"href":"http:\/\/despatxcarrasco.com\/ca\/wp-json\/wp\/v2\/media?parent=15826"}],"curies":[{"name":"wp","href":"https:\/\/api.w.org\/{rel}","templated":true}]}}