{"id":15828,"date":"2018-07-28T10:29:46","date_gmt":"2018-07-28T10:29:46","guid":{"rendered":"http:\/\/despatxcarrasco.com\/?page_id=15828\/"},"modified":"2018-10-05T16:39:15","modified_gmt":"2018-10-05T16:39:15","slug":"politica-de-privacitat","status":"publish","type":"page","link":"http:\/\/despatxcarrasco.com\/ca\/politica-de-privacitat\/","title":{"rendered":"Pol\u00edtica de Privacitat"},"content":{"rendered":"<p>[vc_row css_animation=&#8221;&#8221; row_type=&#8221;row&#8221; use_row_as_full_screen_section=&#8221;no&#8221; type=&#8221;grid&#8221; angled_section=&#8221;no&#8221; text_align=&#8221;left&#8221; background_image_as_pattern=&#8221;without_pattern&#8221; padding_top=&#8221;10&#8243; padding_bottom=&#8221;15&#8243; z_index=&#8221;&#8221;][vc_column][vc_separator type=&#8221;transparent&#8221; up=&#8221;15&#8243; down=&#8221;0&#8243;][vc_column_text]<\/p>\n<h2 style=\"text-align: center;\">Pol\u00edtica de Privacitat<\/h2>\n<p>[\/vc_column_text][vc_separator type=&#8221;small&#8221; position=&#8221;center&#8221;][vc_column_text]<\/p>\n<h3 align=\"justify\"><strong>PROTECCI\u00d3 DE DADES<\/strong><\/h3>\n<p align=\"justify\"><strong>Responsable:<br \/>\n<span style=\"color: #003366;\">JUAN ANTONIO CARRASCO SANABRIA<\/span><\/strong><\/p>\n<p align=\"justify\"><strong>Finalitat:<\/strong><br \/>\nEnviament d&#8217;informaci\u00f3, resposta a consultes i contactes gen\u00e8rics, mentre duri la nostra relaci\u00f3 i tinguem el seu consentiment.<\/p>\n<p align=\"justify\"><strong>Destinataris:<\/strong><br \/>\nNo se cediran dades a tercers excepte obligaci\u00f3 legal.<\/p>\n<p align=\"justify\"><strong>Drets.<\/strong><br \/>\nPot exercir els drets d&#8217;acc\u00e9s, rectificaci\u00f3, supressi\u00f3 i oposici\u00f3, limitar el tractament de les seves dades, o directament oposar-se al tractament, o exercir el dret a la portabilitat dels mateixos. Tot aix\u00f2, mitjan\u00e7ant escrit, acompanyat de c\u00f2pia de document oficial que li identifiqui, dirigit al <em>RESPONSABLE<\/em>. En cas de disconformitat amb el tractament, tamb\u00e9 t\u00e9 dret a presentar una reclamaci\u00f3 davant l&#8217;<em>Ag\u00e8ncia Espanyola de Protecci\u00f3 de Dades<\/em>. Tamb\u00e9 podr\u00e0 oposar-se als nostres enviaments de comunicacions comercials (Art.21.2 de la LSSI) a trav\u00e9s de la seg\u00fcent adre\u00e7a de correu electr\u00f2nic: <a href=\"mailto:info@despatxcarrasco.com\"><strong>info@despatxcarrasco.com<\/strong><\/a><\/p>\n<p>[\/vc_column_text][vc_separator type=&#8221;transparent&#8221; up=&#8221;60&#8243; down=&#8221;30&#8243;][\/vc_column][\/vc_row]<\/p>\n","protected":false},"excerpt":{"rendered":"<p>[vc_row css_animation=&#8221;&#8221; row_type=&#8221;row&#8221; use_row_as_full_screen_section=&#8221;no&#8221; type=&#8221;grid&#8221; angled_section=&#8221;no&#8221; text_align=&#8221;left&#8221; background_image_as_pattern=&#8221;without_pattern&#8221; padding_top=&#8221;10&#8243; padding_bottom=&#8221;15&#8243; z_index=&#8221;&#8221;][vc_column][vc_separator type=&#8221;transparent&#8221; up=&#8221;15&#8243; down=&#8221;0&#8243;][vc_column_text] Pol\u00edtica de Privacitat [\/vc_column_text][vc_separator type=&#8221;small&#8221; position=&#8221;center&#8221;][vc_column_text] PROTECCI\u00d3 DE DADES Responsable: JUAN ANTONIO CARRASCO SANABRIA Finalitat: Enviament d&#8217;informaci\u00f3, resposta a consultes i contactes gen\u00e8rics, mentre duri la nostra relaci\u00f3 i tinguem el&#8230;<\/p>\n","protected":false},"author":1,"featured_media":0,"parent":0,"menu_order":0,"comment_status":"closed","ping_status":"closed","template":"full_width.php","meta":{"footnotes":""},"class_list":["post-15828","page","type-page","status-publish","hentry"],"_links":{"self":[{"href":"http:\/\/despatxcarrasco.com\/ca\/wp-json\/wp\/v2\/pages\/15828","targetHints":{"allow":["GET"]}}],"collection":[{"href":"http:\/\/despatxcarrasco.com\/ca\/wp-json\/wp\/v2\/pages"}],"about":[{"href":"http:\/\/despatxcarrasco.com\/ca\/wp-json\/wp\/v2\/types\/page"}],"author":[{"embeddable":true,"href":"http:\/\/despatxcarrasco.com\/ca\/wp-json\/wp\/v2\/users\/1"}],"replies":[{"embeddable":true,"href":"http:\/\/despatxcarrasco.com\/ca\/wp-json\/wp\/v2\/comments?post=15828"}],"version-history":[{"count":4,"href":"http:\/\/despatxcarrasco.com\/ca\/wp-json\/wp\/v2\/pages\/15828\/revisions"}],"predecessor-version":[{"id":15897,"href":"http:\/\/despatxcarrasco.com\/ca\/wp-json\/wp\/v2\/pages\/15828\/revisions\/15897"}],"wp:attachment":[{"href":"http:\/\/despatxcarrasco.com\/ca\/wp-json\/wp\/v2\/media?parent=15828"}],"curies":[{"name":"wp","href":"https:\/\/api.w.org\/{rel}","templated":true}]}}