{"id":15843,"date":"2018-07-28T11:31:37","date_gmt":"2018-07-28T11:31:37","guid":{"rendered":"http:\/\/despatxcarrasco.com\/?page_id=15843\/"},"modified":"2021-03-12T22:12:11","modified_gmt":"2021-03-12T22:12:11","slug":"inicio","status":"publish","type":"page","link":"http:\/\/despatxcarrasco.com\/ca\/","title":{"rendered":"Inici"},"content":{"rendered":"<p>[vc_row css_animation=&#8221;&#8221; row_type=&#8221;row&#8221; use_row_as_full_screen_section=&#8221;yes&#8221; type=&#8221;full_width&#8221; in_content_menu=&#8221;in_content_menu&#8221; content_menu_icon=&#8221;&#8221; angled_section=&#8221;yes&#8221; angled_section_position=&#8221;both&#8221; angled_section_direction=&#8221;from_left_to_right&#8221; text_align=&#8221;left&#8221; background_image_as_pattern=&#8221;without_pattern&#8221; padding_bottom=&#8221;0&#8243; z_index=&#8221;&#8221;][vc_column][\/vc_column][\/vc_row][vc_row css_animation=&#8221;&#8221; row_type=&#8221;row&#8221; use_row_as_full_screen_section=&#8221;no&#8221; type=&#8221;grid&#8221; angled_section=&#8221;yes&#8221; angled_section_position=&#8221;both&#8221; angled_section_direction=&#8221;from_left_to_right&#8221; text_align=&#8221;left&#8221; background_image_as_pattern=&#8221;without_pattern&#8221; padding_top=&#8221;88&#8243; padding_bottom=&#8221;0&#8243; z_index=&#8221;&#8221;][vc_column][vc_column_text]<\/p>\n<h2 style=\"text-align: center;\">Benvinguts a Despatx Carrasco<\/h2>\n<p>[\/vc_column_text][vc_separator type=&#8221;small&#8221; position=&#8221;center&#8221;][vc_column_text]<\/p>\n<h4 style=\"text-align: center;\">Benvinguts a la nova Web de DESPATX CARRASCO.<\/h4>\n<h4 style=\"text-align: center;\">Un espai concebut per estar m\u00e9s a prop del client, per presentar l&#8217;abast complet dels nostres serveis i per fomentar l&#8217;interacci\u00f3 constant amb origen en l&#8217;actualitat en mat\u00e8ria legal, les inquietuts dels nostres clients,&#8230;<\/h4>\n<p>[\/vc_column_text][vc_separator type=&#8221;transparent&#8221; up=&#8221;114&#8243; down=&#8221;0&#8243;][vc_column_text]<\/p>\n<h2 style=\"text-align: center;\">Qu\u00e8 caracteritza el nostre Despatx?<\/h2>\n<p>[\/vc_column_text][vc_separator type=&#8221;transparent&#8221; up=&#8221;114&#8243; down=&#8221;0&#8243;][vc_row_inner row_type=&#8221;row&#8221; type=&#8221;full_width&#8221; text_align=&#8221;left&#8221; css_animation=&#8221;&#8221;][vc_column_inner width=&#8221;1\/4&#8243;]<div class='q_icon_with_title medium circle center '><div class=\"icon_holder \" style=\" \"><span data-icon-type=\"circle\"   class=\"qode_iwt_icon_holder fa-stack fa-3x  \" style=\"font-size: 34px;border-color: #292929;background-color: #292929;\"><i class=\"qode_icon_font_awesome fa fa-bell-o qode_iwt_icon_element\" style=\"font-size: 22px;color: #ffffff;\" ><\/i><\/span><\/div><div class=\"icon_text_holder\" style=\"\"><div class=\"icon_text_inner\" style=\"\"><h5 class=\"icon_title\" style=\"\">Professionalitat<\/h5><p style=''><\/p><\/div><\/div><\/div>[vc_column_text]<\/p>\n<p align=\"justify\">El nostre grup d&#8217;advocats compta amb una dilatada experi\u00e8ncia al m\u00f3n jur\u00eddic, amb una formaci\u00f3 continua respecte a les novetats legislatives.<\/p>\n<p>[\/vc_column_text][vc_separator type=&#8221;transparent&#8221; up=&#8221;73&#8243; down=&#8221;0&#8243;][\/vc_column_inner][vc_column_inner width=&#8221;1\/4&#8243;]<div class='q_icon_with_title medium circle center '><div class=\"icon_holder \" style=\" \"><span data-icon-type=\"circle\"   class=\"qode_iwt_icon_holder fa-stack fa-3x  \" style=\"font-size: 34px;border-color: #292929;background-color: #292929;\"><i class=\"qode_icon_font_awesome fa fa-flag-o qode_iwt_icon_element\" style=\"font-size: 22px;color: #ffffff;\" ><\/i><\/span><\/div><div class=\"icon_text_holder\" style=\"\"><div class=\"icon_text_inner\" style=\"\"><h5 class=\"icon_title\" style=\"\">Experi\u00e8ncia<\/h5><p style=''><\/p><\/div><\/div><\/div>[vc_column_text]<\/p>\n<p align=\"justify\">M\u00e9s de 35 anys d&#8217;exercici de l&#8217;advocacia ens avalen.<\/p>\n<p>[\/vc_column_text][vc_separator type=&#8221;transparent&#8221; up=&#8221;73&#8243; down=&#8221;0&#8243;][\/vc_column_inner][vc_column_inner width=&#8221;1\/4&#8243;]<div class='q_icon_with_title medium circle center '><div class=\"icon_holder \" style=\" \"><span data-icon-type=\"circle\"   class=\"qode_iwt_icon_holder fa-stack fa-3x  \" style=\"font-size: 34px;border-color: #292929;background-color: #292929;\"><i class=\"qode_icon_font_awesome fa fa-comment-o qode_iwt_icon_element\" style=\"font-size: 22px;color: #ffffff;\" ><\/i><\/span><\/div><div class=\"icon_text_holder\" style=\"\"><div class=\"icon_text_inner\" style=\"\"><h5 class=\"icon_title\" style=\"\">Responsabilitat<\/h5><p style=''><\/p><\/div><\/div><\/div>[vc_column_text]<\/p>\n<p align=\"justify\">Un dels nostres principis que ens distingeixen, amb seguiment exhaustiu de tots els casos, per a nosaltres no existeixen clients ni causes petites. Tots s\u00f3n iguals.<\/p>\n<p>[\/vc_column_text][vc_separator type=&#8221;transparent&#8221; up=&#8221;73&#8243; down=&#8221;0&#8243;][\/vc_column_inner][vc_column_inner width=&#8221;1\/4&#8243;]<div class='q_icon_with_title medium circle center '><div class=\"icon_holder \" style=\" \"><span data-icon-type=\"circle\"   class=\"qode_iwt_icon_holder fa-stack fa-3x  \" style=\"font-size: 34px;border-color: #292929;background-color: #292929;\"><i class=\"qode_icon_font_awesome fa fa-paper-plane-o qode_iwt_icon_element\" style=\"font-size: 22px;color: #ffffff;\" ><\/i><\/span><\/div><div class=\"icon_text_holder\" style=\"\"><div class=\"icon_text_inner\" style=\"\"><h5 class=\"icon_title\" style=\"\">Resultats<\/h5><p style=''><\/p><\/div><\/div><\/div>[vc_column_text]<\/p>\n<p align=\"justify\">Continuamos el procedimiento hasta dar un resultado final a los problemas y dudas de nuestros clientes.<\/p>\n<p>[\/vc_column_text][vc_separator type=&#8221;transparent&#8221; up=&#8221;73&#8243; down=&#8221;0&#8243;][\/vc_column_inner][\/vc_row_inner][\/vc_column][\/vc_row][vc_row row_type=&#8221;parallax&#8221; parallax_content_width=&#8221;in_grid&#8221; text_align=&#8221;left&#8221; background_image=&#8221;15287&#8243; full_screen_section_height=&#8221;no&#8221; section_height=&#8221;720&#8243;][vc_column][vc_separator type=&#8221;transparent&#8221; up=&#8221;156&#8243; down=&#8221;0&#8243;][vc_column_text]<\/p>\n<h2 style=\"text-align: center;\"><span style=\"color: #ffffff;\">El Nostre Despatx en Dades:<\/span><\/h2>\n<p>[\/vc_column_text][vc_separator type=&#8221;small&#8221; position=&#8221;center&#8221; color=&#8221;#ffffff&#8221;][vc_column_text]<\/p>\n<h4 style=\"text-align: center;\"><span style=\"color: #e1ddd7;\">Ens agrada \u00e8sser A PROP del client. Ens caracteritza el <strong>COMPROM\u00cdS<\/strong> amb cada cas.<\/span><\/h4>\n<h4 style=\"text-align: center;\"><span style=\"color: #e1ddd7;\">Ens identifica la recerca de <strong>SOLUCIONS \u00daTILS<\/strong> i <strong>\u00c0GILS<\/strong>, que satisfaguin les seves expectatives.<\/span><\/h4>\n<p>[\/vc_column_text][vc_separator type=&#8221;transparent&#8221; up=&#8221;94&#8243; down=&#8221;0&#8243;][vc_row_inner row_type=&#8221;row&#8221; type=&#8221;full_width&#8221; text_align=&#8221;left&#8221; css_animation=&#8221;&#8221;][vc_column_inner]<div class=\"q_counter_holder  center\" style=\"\"><span class=\"counter  zero\" style=\"font-size: 75px;\">35<\/span><span class=\"separator small\" style=\"\"><\/span><p class=\"counter_text\" style=\"\">ANYS D'EXPERI\u00c8NCIA<\/p><\/div>[vc_separator type=&#8221;transparent&#8221; up=&#8221;120&#8243; down=&#8221;0&#8243;][\/vc_column_inner][\/vc_row_inner][\/vc_column][\/vc_row][vc_row css_animation=&#8221;&#8221; row_type=&#8221;row&#8221; use_row_as_full_screen_section=&#8221;no&#8221; type=&#8221;grid&#8221; angled_section=&#8221;yes&#8221; angled_section_position=&#8221;both&#8221; angled_section_direction=&#8221;from_left_to_right&#8221; text_align=&#8221;left&#8221; background_image_as_pattern=&#8221;without_pattern&#8221; padding_top=&#8221;0&#8243; padding_bottom=&#8221;0&#8243; z_index=&#8221;&#8221;][vc_column][vc_separator type=&#8221;transparent&#8221; up=&#8221;88&#8243; down=&#8221;0&#8243;][vc_column_text]<\/p>\n<h2 style=\"text-align: center;\">El Client opina:<\/h2>\n<p>[\/vc_column_text][vc_separator type=&#8221;small&#8221; position=&#8221;center&#8221; up=&#8221;26&#8243; down=&#8221;35&#8243;]<div class='testimonials_holder clearfix '><div class=\"testimonials testimonials_carousel\" data-show-navigation=\"no\" data-animation-type=\"fade\" data-animation-speed=\"\" data-auto-rotate-slides=\"10\" data-number-per-slide=\"1\"><ul class=\"slides\"><li id=\"testimonials15864\" class=\"testimonial_content\"><div class=\"testimonial_content_inner\"><div class=\"testimonial_text_holder\"><div class=\"testimonial_text_inner\" style=\"color: #979797;\"><p style='color:#979797;'>Gran formalitat, coneixement i comprom\u00eds per part dels advocats de DESPATX CARRASCO.<br>\r\nVan resoldre els nostres dubtes de forma \u00e0gil i eficient. Gr\u00e0cies.<\/p><p class=\"testimonial_author\" style=\"color: #979797;font-weight: 700;color: #292929;font-size: 15px;\">- I. DEZA<\/p><\/div><\/div><\/div><\/li><li id=\"testimonials15863\" class=\"testimonial_content\"><div class=\"testimonial_content_inner\"><div class=\"testimonial_text_holder\"><div class=\"testimonial_text_inner\" style=\"color: #979797;\"><p style='color:#979797;'>Gran professionalitat i bon assessorament previ per a la creaci\u00f3 de Societats.<br>\r\nSeguirem comptant amb DESPATX CARRASCO per a la gesti\u00f3 fiscal de la nostra empresa.<\/p><p class=\"testimonial_author\" style=\"color: #979797;font-weight: 700;color: #292929;font-size: 15px;\">- P. OLMOS<\/p><\/div><\/div><\/div><\/li><li id=\"testimonials15862\" class=\"testimonial_content\"><div class=\"testimonial_content_inner\"><div class=\"testimonial_text_holder\"><div class=\"testimonial_text_inner\" style=\"color: #979797;\"><p style='color:#979797;'>DESPATX CARRASCO du a terme l'Administraci\u00f3 de la nostra Comunitat<br>\r\noferint transpar\u00e8ncia, control i professionalitat al seu servei. Els recomano!<\/p><p class=\"testimonial_author\" style=\"color: #979797;font-weight: 700;color: #292929;font-size: 15px;\">- A. SALVATERRA<\/p><\/div><\/div><\/div><\/li><li id=\"testimonials15850\" class=\"testimonial_content\"><div class=\"testimonial_content_inner\"><div class=\"testimonial_text_holder\"><div class=\"testimonial_text_inner\" style=\"color: #979797;\"><p style='color:#979797;'>Vaig acudir a ells despr\u00e9s d'una situaci\u00f3 d'acomiadament improcedent per part de la meva empresa. <br>\r\nDespr\u00e9s de la seva gesti\u00f3 i defensa en tribunals, l'empresa em va haver de readmetre. Molt agra\u00efda.<\/p><p class=\"testimonial_author\" style=\"color: #979797;font-weight: 700;color: #292929;font-size: 15px;\">- V. HERN\u00c1NDEZ <\/p><\/div><\/div><\/div><\/li><\/ul><\/div><\/div>[\/vc_column][\/vc_row][vc_row css_animation=&#8221;&#8221; row_type=&#8221;row&#8221; use_row_as_full_screen_section=&#8221;no&#8221; type=&#8221;grid&#8221; angled_section=&#8221;no&#8221; text_align=&#8221;center&#8221; background_image_as_pattern=&#8221;without_pattern&#8221; el_class=&#8221;iconsection&#8221;][vc_column]<span data-type=\"circle\"   class=\"qode_icon_shortcode fa-stack q_font_awsome_icon_stack fa-5x  \" style=\" \"><i class=\"fa fa-circle fa-stack-base fa-stack-2x\" style=\"color: #292929;\"><\/i><i class=\"qode_icon_font_awesome fa fa-desktop qode_icon_element fa-stack-1x\" style=\"font-size: 70px;color: #ffffff;\" ><\/i><\/span>[\/vc_column][\/vc_row][vc_row row_type=&#8221;parallax&#8221; parallax_content_width=&#8221;in_grid&#8221; text_align=&#8221;left&#8221; background_image=&#8221;15559&#8243; full_screen_section_height=&#8221;no&#8221; section_height=&#8221;680&#8243;][vc_column][vc_separator type=&#8221;transparent&#8221; up=&#8221;125&#8243; down=&#8221;0&#8243;][vc_column_text]<\/p>\n<h2 style=\"text-align: center;\"><span style=\"color: #ffffff;\">SOM&#8230;<\/span><\/h2>\n<p>[\/vc_column_text][vc_separator type=&#8221;small&#8221; position=&#8221;center&#8221; color=&#8221;#ffffff&#8221;][vc_separator type=&#8221;transparent&#8221; up=&#8221;75&#8243; down=&#8221;0&#8243;][vc_row_inner row_type=&#8221;row&#8221; type=&#8221;full_width&#8221; text_align=&#8221;left&#8221; css_animation=&#8221;&#8221;][vc_column_inner width=&#8221;1\/2&#8243;][vc_column_text]<\/p>\n<h1 style=\"text-align: left;\"><span style=\"color: #ffffff;\">DRET LABORAL<\/span><\/h1>\n<p>[\/vc_column_text][vc_separator type=&#8221;transparent&#8221; up=&#8221;51&#8243; down=&#8221;0&#8243;][vc_column_text]<\/p>\n<h3 style=\"text-align: left;\"><span style=\"color: #ffffff;\">SEGURETAT SOCIAL<\/span><\/h3>\n<p>[\/vc_column_text][vc_separator type=&#8221;transparent&#8221; up=&#8221;51&#8243; down=&#8221;0&#8243;][vc_column_text]<\/p>\n<h1 style=\"text-align: left;\"><span style=\"color: #ffffff;\">DRET CIVIL<\/span><\/h1>\n<p>[\/vc_column_text][vc_separator type=&#8221;transparent&#8221; up=&#8221;51&#8243; down=&#8221;0&#8243;][vc_column_text]<\/p>\n<h3 style=\"text-align: left;\"><span style=\"color: #ffffff;\">DRET FISCAL<\/span><\/h3>\n<p>[\/vc_column_text][vc_separator type=&#8221;transparent&#8221; up=&#8221;175&#8243; down=&#8221;0&#8243;][\/vc_column_inner][vc_column_inner width=&#8221;1\/2&#8243;][vc_column_text]<\/p>\n<h3 style=\"text-align: left;\"><span style=\"color: #ffffff;\">DRET PENAL<\/span><\/h3>\n<p>[\/vc_column_text][vc_separator type=&#8221;transparent&#8221; up=&#8221;51&#8243; down=&#8221;0&#8243;][vc_column_text]<\/p>\n<h1 style=\"text-align: left;\"><span style=\"color: #ffffff;\">DRET MERCANTIL<\/span><\/h1>\n<p>[\/vc_column_text][vc_separator type=&#8221;transparent&#8221; up=&#8221;51&#8243; down=&#8221;0&#8243;][vc_column_text]<\/p>\n<h3 style=\"text-align: left;\"><span style=\"color: #ffffff;\">ADMINISTRACI\u00d3 DE COMUNITATS<\/span><\/h3>\n<p>[\/vc_column_text][vc_separator type=&#8221;transparent&#8221; up=&#8221;51&#8243; down=&#8221;0&#8243;][vc_column_text]<\/p>\n<h2 style=\"text-align: left;\"><span style=\"color: #ffffff;\">GESTI\u00d3 DE PIMES<\/span><\/h2>\n<p>[\/vc_column_text][vc_separator type=&#8221;transparent&#8221; up=&#8221;175&#8243; down=&#8221;0&#8243;][\/vc_column_inner][\/vc_row_inner][\/vc_column][\/vc_row]<\/p>\n","protected":false},"excerpt":{"rendered":"<p>[vc_row css_animation=&#8221;&#8221; row_type=&#8221;row&#8221; use_row_as_full_screen_section=&#8221;yes&#8221; type=&#8221;full_width&#8221; in_content_menu=&#8221;in_content_menu&#8221; content_menu_icon=&#8221;&#8221; angled_section=&#8221;yes&#8221; angled_section_position=&#8221;both&#8221; angled_section_direction=&#8221;from_left_to_right&#8221; text_align=&#8221;left&#8221; background_image_as_pattern=&#8221;without_pattern&#8221; padding_bottom=&#8221;0&#8243; z_index=&#8221;&#8221;][vc_column][\/vc_column][\/vc_row][vc_row css_animation=&#8221;&#8221; row_type=&#8221;row&#8221; use_row_as_full_screen_section=&#8221;no&#8221; type=&#8221;grid&#8221; angled_section=&#8221;yes&#8221; angled_section_position=&#8221;both&#8221; angled_section_direction=&#8221;from_left_to_right&#8221; text_align=&#8221;left&#8221; background_image_as_pattern=&#8221;without_pattern&#8221; padding_top=&#8221;88&#8243; padding_bottom=&#8221;0&#8243; z_index=&#8221;&#8221;][vc_column][vc_column_text] Benvinguts a Despatx Carrasco [\/vc_column_text][vc_separator type=&#8221;small&#8221; position=&#8221;center&#8221;][vc_column_text] Benvinguts a la nova Web de DESPATX CARRASCO. Un espai concebut per&#8230;<\/p>\n","protected":false},"author":1,"featured_media":0,"parent":0,"menu_order":0,"comment_status":"closed","ping_status":"closed","template":"full_width.php","meta":{"footnotes":""},"class_list":["post-15843","page","type-page","status-publish","hentry"],"_links":{"self":[{"href":"http:\/\/despatxcarrasco.com\/ca\/wp-json\/wp\/v2\/pages\/15843","targetHints":{"allow":["GET"]}}],"collection":[{"href":"http:\/\/despatxcarrasco.com\/ca\/wp-json\/wp\/v2\/pages"}],"about":[{"href":"http:\/\/despatxcarrasco.com\/ca\/wp-json\/wp\/v2\/types\/page"}],"author":[{"embeddable":true,"href":"http:\/\/despatxcarrasco.com\/ca\/wp-json\/wp\/v2\/users\/1"}],"replies":[{"embeddable":true,"href":"http:\/\/despatxcarrasco.com\/ca\/wp-json\/wp\/v2\/comments?post=15843"}],"version-history":[{"count":9,"href":"http:\/\/despatxcarrasco.com\/ca\/wp-json\/wp\/v2\/pages\/15843\/revisions"}],"predecessor-version":[{"id":15917,"href":"http:\/\/despatxcarrasco.com\/ca\/wp-json\/wp\/v2\/pages\/15843\/revisions\/15917"}],"wp:attachment":[{"href":"http:\/\/despatxcarrasco.com\/ca\/wp-json\/wp\/v2\/media?parent=15843"}],"curies":[{"name":"wp","href":"https:\/\/api.w.org\/{rel}","templated":true}]}}