{"id":15866,"date":"2018-07-28T17:00:24","date_gmt":"2018-07-28T17:00:24","guid":{"rendered":"http:\/\/despatxcarrasco.com\/?page_id=15866\/"},"modified":"2018-08-01T10:58:51","modified_gmt":"2018-08-01T10:58:51","slug":"arees-legals-dret-civil-mercantil-laboral-seguretat-social-fiscal-administracio-pimes-finques","status":"publish","type":"page","link":"http:\/\/despatxcarrasco.com\/ca\/arees-legals-dret-civil-mercantil-laboral-seguretat-social-fiscal-administracio-pimes-finques\/","title":{"rendered":"\u00c0rees Legals"},"content":{"rendered":"<p>[vc_row css_animation=&#8221;&#8221; row_type=&#8221;row&#8221; use_row_as_full_screen_section=&#8221;no&#8221; type=&#8221;grid&#8221; angled_section=&#8221;no&#8221; text_align=&#8221;left&#8221; background_image_as_pattern=&#8221;without_pattern&#8221; padding_top=&#8221;10&#8243; padding_bottom=&#8221;15&#8243; z_index=&#8221;&#8221;][vc_column][vc_separator type=&#8221;transparent&#8221; up=&#8221;15&#8243; down=&#8221;0&#8243;][vc_column_text]<\/p>\n<h2 style=\"text-align: center;\">\u00c1rees de Servei<\/h2>\n<p>[\/vc_column_text][vc_separator type=&#8221;small&#8221; position=&#8221;center&#8221;][vc_column_text]<\/p>\n<h4 style=\"text-align: center;\"><strong>DESPATX CARRASCO<\/strong>\u00a0ofereix un complet servei legal en aquestes \u00c0REES<span style=\"color: #003366;\">:<\/span><\/h4>\n<p>[\/vc_column_text][vc_separator type=&#8221;transparent&#8221; up=&#8221;64&#8243; down=&#8221;0&#8243;][vc_row_inner row_type=&#8221;row&#8221; type=&#8221;full_width&#8221; text_align=&#8221;left&#8221; css_animation=&#8221;&#8221;][vc_column_inner width=&#8221;1\/2&#8243;][vc_single_image image=&#8221;2813&#8243; img_size=&#8221;full&#8221; qode_css_animation=&#8221;element_from_fade&#8221; transition_delay=&#8221;0.1&#8243;][vc_separator type=&#8221;transparent&#8221; up=&#8221;30&#8243; down=&#8221;0&#8243;]<a  itemprop=\"url\" href=\"mailto: info@despatxcarrasco.com\" target=\"_self\"  class=\"qbutton  large center default\" style=\"\">+ INFO<i class=\"qode_icon_font_awesome fa fa-long-arrow-left qode_button_icon_element\" style=\"\" ><\/i><\/a>[\/vc_column_inner][vc_column_inner width=&#8221;1\/2&#8243;][vc_column_text]<\/p>\n<h3 style=\"text-align: left;\">DRET LABORAL y SEGURETAT SOCIAL<\/h3>\n<p>[\/vc_column_text][vc_separator type=&#8221;transparent&#8221; up=&#8221;11&#8243; down=&#8221;0&#8243;][vc_column_text]<\/p>\n<ul>\n<li>Procediments d&#8217;Acomiadaments.<\/li>\n<li>Reclamacions de Dret i Quantitat.<\/li>\n<li>Modificaci\u00f3 Sustancial de les Condicions de Treball.<\/li>\n<li>Accidents de treball.<\/li>\n<li>Expedients de Regulaci\u00f3 d&#8217;Acomiadament.<\/li>\n<li>Reducci\u00f3 de jornada i concreci\u00f3 hor\u00e0ria per cura de menor i depenent.<\/li>\n<li>Aut\u00f2noms.<\/li>\n<li>Treballadors de la llar.<\/li>\n<li>Invalidessa.<\/li>\n<li>Jubilaci\u00f3.<\/li>\n<li>Viudetat.<\/li>\n<\/ul>\n<p>[\/vc_column_text][\/vc_column_inner][\/vc_row_inner][vc_separator type=&#8221;transparent&#8221; up=&#8221;60&#8243; down=&#8221;30&#8243;][vc_row_inner row_type=&#8221;row&#8221; type=&#8221;full_width&#8221; text_align=&#8221;left&#8221; css_animation=&#8221;&#8221;][vc_column_inner width=&#8221;1\/2&#8243;][vc_single_image image=&#8221;15571&#8243; img_size=&#8221;full&#8221; qode_css_animation=&#8221;element_from_fade&#8221; transition_delay=&#8221;0.1&#8243;][vc_separator type=&#8221;transparent&#8221; up=&#8221;30&#8243; down=&#8221;0&#8243;]<a  itemprop=\"url\" href=\"mailto: info@despatxcarrasco.com\" target=\"_self\"  class=\"qbutton  large center default\" style=\"\">+ INFO<i class=\"qode_icon_font_awesome fa fa-long-arrow-left qode_button_icon_element\" style=\"\" ><\/i><\/a>[\/vc_column_inner][vc_column_inner width=&#8221;1\/2&#8243;][vc_column_text]<\/p>\n<h3 style=\"text-align: left;\">DRET CIVIL I MERCANTIL<\/h3>\n<p>[\/vc_column_text][vc_separator type=&#8221;transparent&#8221; up=&#8221;11&#8243; down=&#8221;0&#8243;][vc_column_text]<\/p>\n<ul>\n<li>Procediments de Fam\u00edlia (Divorcis, Separacions, Nul\u00b7litat, Modificaci\u00f3 de Mesures, Parelles de fet).<\/li>\n<li>Reclamacions Cl\u00e0usules s\u00f2l, Plusv\u00e0lua i Despeses notarials<\/li>\n<li>Succesions i Her\u00e8ncies.<\/li>\n<li>Incapacitacions.<\/li>\n<li>Reclamacions de Quantitat.<\/li>\n<li>Accidents de tr\u00e0nsit.<\/li>\n<li>Concursos de creditors i Expendients de regulaci\u00f3 d&#8217;Ocupaci\u00f3<\/li>\n<li>Terceries de domini.<\/li>\n<li>Contractes de Compravenda, arrendaments.<\/li>\n<li>Desnonaments, Reclamaci\u00f3 de Rendes impagades.<\/li>\n<\/ul>\n<p>[\/vc_column_text][\/vc_column_inner][\/vc_row_inner][vc_separator type=&#8221;transparent&#8221; up=&#8221;60&#8243; down=&#8221;30&#8243;][vc_row_inner row_type=&#8221;row&#8221; type=&#8221;full_width&#8221; text_align=&#8221;left&#8221; css_animation=&#8221;&#8221;][vc_column_inner width=&#8221;1\/2&#8243;][vc_single_image image=&#8221;2822&#8243; img_size=&#8221;full&#8221; qode_css_animation=&#8221;element_from_fade&#8221; transition_delay=&#8221;0.1&#8243;][vc_separator type=&#8221;transparent&#8221; up=&#8221;30&#8243; down=&#8221;0&#8243;]<a  itemprop=\"url\" href=\"mailto: info@despatxcarrasco.com\" target=\"_self\"  class=\"qbutton  large center default\" style=\"\">+ INFO<i class=\"qode_icon_font_awesome fa fa-long-arrow-left qode_button_icon_element\" style=\"\" ><\/i><\/a>[\/vc_column_inner][vc_column_inner width=&#8221;1\/2&#8243;][vc_column_text]<\/p>\n<h3 style=\"text-align: left;\">DRET ADMINISTRATIU I FISCAL<\/h3>\n<p>[\/vc_column_text][vc_separator type=&#8221;transparent&#8221; up=&#8221;11&#8243; down=&#8221;0&#8243;][vc_column_text]<\/p>\n<ul>\n<li>Reclamacions Patrimonials a l&#8217;Administraci\u00f3.<\/li>\n<li>Estrangeria: Expulsions, Permisos de Resid\u00e8ncia i Nacionalitat.<\/li>\n<li>Neglig\u00e8ncies M\u00e8diques.<\/li>\n<li>Expropiacions.<\/li>\n<li>Recursos a l&#8217;Administraci\u00f3.<\/li>\n<li>Gesti\u00f3 de Multes.<\/li>\n<li>Rendes, impostos (Patrimoni, Succesions, etc).<\/li>\n<\/ul>\n<p>[\/vc_column_text][\/vc_column_inner][\/vc_row_inner][vc_separator type=&#8221;transparent&#8221; up=&#8221;60&#8243; down=&#8221;30&#8243;][vc_row_inner row_type=&#8221;row&#8221; type=&#8221;full_width&#8221; text_align=&#8221;left&#8221; css_animation=&#8221;&#8221;][vc_column_inner width=&#8221;1\/2&#8243;][vc_single_image image=&#8221;15573&#8243; img_size=&#8221;full&#8221; qode_css_animation=&#8221;element_from_fade&#8221; transition_delay=&#8221;0.1&#8243;][vc_separator type=&#8221;transparent&#8221; up=&#8221;30&#8243; down=&#8221;0&#8243;]<a  itemprop=\"url\" href=\"mailto: info@despatxcarrasco.com\" target=\"_self\"  class=\"qbutton  large center default\" style=\"\">+ INFO<i class=\"qode_icon_font_awesome fa fa-long-arrow-left qode_button_icon_element\" style=\"\" ><\/i><\/a>[\/vc_column_inner][vc_column_inner width=&#8221;1\/2&#8243;][vc_column_text]<\/p>\n<h3 style=\"text-align: left;\">DRET PENAL<\/h3>\n<p>[\/vc_column_text][vc_separator type=&#8221;transparent&#8221; up=&#8221;11&#8243; down=&#8221;0&#8243;][vc_column_text]<\/p>\n<ul>\n<li>Procediments abreujats.<\/li>\n<li>Judicis r\u00e0pids.<\/li>\n<li>Sumaris.<\/li>\n<li>Alcoholemies.<\/li>\n<li>Delictes contra els treballadors.<\/li>\n<li>Viol\u00e8ncia de Gendre.<\/li>\n<\/ul>\n<p>Defensem els interesos dels nostres clients en totes les fases del procediment:<br \/>\n<strong>Instrucci\u00f3, Enjudiciament i Execuci\u00f3.<\/strong>[\/vc_column_text][\/vc_column_inner][\/vc_row_inner][vc_separator type=&#8221;transparent&#8221; up=&#8221;60&#8243; down=&#8221;30&#8243;][vc_row_inner row_type=&#8221;row&#8221; type=&#8221;full_width&#8221; text_align=&#8221;left&#8221; css_animation=&#8221;&#8221;][vc_column_inner width=&#8221;1\/2&#8243;][vc_single_image image=&#8221;2821&#8243; img_size=&#8221;full&#8221; qode_css_animation=&#8221;element_from_fade&#8221; transition_delay=&#8221;0.1&#8243;][vc_separator type=&#8221;transparent&#8221; up=&#8221;30&#8243; down=&#8221;0&#8243;]<a  itemprop=\"url\" href=\"mailto: info@despatxcarrasco.com\" target=\"_self\"  class=\"qbutton  large center default\" style=\"\">+ INFO<i class=\"qode_icon_font_awesome fa fa-long-arrow-left qode_button_icon_element\" style=\"\" ><\/i><\/a>[\/vc_column_inner][vc_column_inner width=&#8221;1\/2&#8243;][vc_column_text]<\/p>\n<h3 style=\"text-align: left;\">GESTI\u00d3 DE PETITES EMPRESES<\/h3>\n<p>[\/vc_column_text][vc_separator type=&#8221;transparent&#8221; up=&#8221;11&#8243; down=&#8221;0&#8243;][vc_column_text]<\/p>\n<ul>\n<li>Aut\u00f2noms.<\/li>\n<li>Comptabilitat.<\/li>\n<li>N\u00f2mines.<\/li>\n<li>Seguretat Social dels Treballadors.<\/li>\n<li>Alta\/baixa empreses.<\/li>\n<\/ul>\n<p>[\/vc_column_text][\/vc_column_inner][\/vc_row_inner][vc_separator type=&#8221;transparent&#8221; up=&#8221;60&#8243; down=&#8221;30&#8243;][vc_row_inner row_type=&#8221;row&#8221; type=&#8221;full_width&#8221; text_align=&#8221;left&#8221; css_animation=&#8221;&#8221;][vc_column_inner][vc_column_text]<\/p>\n<h3 style=\"text-align: left;\">ADMINISTRACI\u00d3 DE COMUNITATS DE PROPIETARIS<\/h3>\n<p>[\/vc_column_text][vc_separator type=&#8221;transparent&#8221; up=&#8221;30&#8243; down=&#8221;0&#8243;][vc_single_image image=&#8221;15658&#8243; img_size=&#8221;full&#8221; qode_css_animation=&#8221;element_from_fade&#8221; transition_delay=&#8221;0.1&#8243;][vc_separator type=&#8221;transparent&#8221; up=&#8221;30&#8243; down=&#8221;0&#8243;]<a  itemprop=\"url\" href=\"mailto: info@despatxcarrasco.com\" target=\"_self\"  class=\"qbutton  large center default\" style=\"\">+ INFO<i class=\"qode_icon_font_awesome fa fa-long-arrow-left qode_button_icon_element\" style=\"\" ><\/i><\/a>[\/vc_column_inner][\/vc_row_inner][vc_separator type=&#8221;transparent&#8221; up=&#8221;60&#8243; down=&#8221;30&#8243;][\/vc_column][\/vc_row][vc_row css_animation=&#8221;&#8221; row_type=&#8221;row&#8221; use_row_as_full_screen_section=&#8221;no&#8221; type=&#8221;full_width&#8221; angled_section=&#8221;no&#8221; text_align=&#8221;left&#8221; background_image_as_pattern=&#8221;without_pattern&#8221;][vc_column][vc_column_text]<\/p>\n<h2 style=\"text-align: center;\"><span style=\"color: #003366;\">En qu\u00e8 el podem AJUDAR?<\/span><\/h2>\n<p>[\/vc_column_text][vc_separator type=&#8221;transparent&#8221; up=&#8221;11&#8243; down=&#8221;0&#8243;][\/vc_column][\/vc_row]<\/p>\n","protected":false},"excerpt":{"rendered":"<p>[vc_row css_animation=&#8221;&#8221; row_type=&#8221;row&#8221; use_row_as_full_screen_section=&#8221;no&#8221; type=&#8221;grid&#8221; angled_section=&#8221;no&#8221; text_align=&#8221;left&#8221; background_image_as_pattern=&#8221;without_pattern&#8221; padding_top=&#8221;10&#8243; padding_bottom=&#8221;15&#8243; z_index=&#8221;&#8221;][vc_column][vc_separator type=&#8221;transparent&#8221; up=&#8221;15&#8243; down=&#8221;0&#8243;][vc_column_text] \u00c1rees de Servei [\/vc_column_text][vc_separator type=&#8221;small&#8221; position=&#8221;center&#8221;][vc_column_text] DESPATX CARRASCO\u00a0ofereix un complet servei legal en aquestes \u00c0REES: [\/vc_column_text][vc_separator type=&#8221;transparent&#8221; up=&#8221;64&#8243; down=&#8221;0&#8243;][vc_row_inner row_type=&#8221;row&#8221; type=&#8221;full_width&#8221; text_align=&#8221;left&#8221; css_animation=&#8221;&#8221;][vc_column_inner width=&#8221;1\/2&#8243;][vc_single_image image=&#8221;2813&#8243; img_size=&#8221;full&#8221; qode_css_animation=&#8221;element_from_fade&#8221; transition_delay=&#8221;0.1&#8243;][vc_separator type=&#8221;transparent&#8221; up=&#8221;30&#8243; down=&#8221;0&#8243;][\/vc_column_inner][vc_column_inner&#8230;<\/p>\n","protected":false},"author":1,"featured_media":0,"parent":0,"menu_order":0,"comment_status":"closed","ping_status":"closed","template":"full_width.php","meta":{"footnotes":""},"class_list":["post-15866","page","type-page","status-publish","hentry"],"_links":{"self":[{"href":"http:\/\/despatxcarrasco.com\/ca\/wp-json\/wp\/v2\/pages\/15866","targetHints":{"allow":["GET"]}}],"collection":[{"href":"http:\/\/despatxcarrasco.com\/ca\/wp-json\/wp\/v2\/pages"}],"about":[{"href":"http:\/\/despatxcarrasco.com\/ca\/wp-json\/wp\/v2\/types\/page"}],"author":[{"embeddable":true,"href":"http:\/\/despatxcarrasco.com\/ca\/wp-json\/wp\/v2\/users\/1"}],"replies":[{"embeddable":true,"href":"http:\/\/despatxcarrasco.com\/ca\/wp-json\/wp\/v2\/comments?post=15866"}],"version-history":[{"count":4,"href":"http:\/\/despatxcarrasco.com\/ca\/wp-json\/wp\/v2\/pages\/15866\/revisions"}],"predecessor-version":[{"id":15884,"href":"http:\/\/despatxcarrasco.com\/ca\/wp-json\/wp\/v2\/pages\/15866\/revisions\/15884"}],"wp:attachment":[{"href":"http:\/\/despatxcarrasco.com\/ca\/wp-json\/wp\/v2\/media?parent=15866"}],"curies":[{"name":"wp","href":"https:\/\/api.w.org\/{rel}","templated":true}]}}